{"id":21,"date":"2022-02-02T11:03:46","date_gmt":"2022-02-02T11:03:46","guid":{"rendered":"https:\/\/stylequadrant.com\/?page_id=21"},"modified":"2022-05-20T13:31:24","modified_gmt":"2022-05-20T13:31:24","slug":"about-us","status":"publish","type":"page","link":"https:\/\/it.stylequadrant.com\/pl\/about-us\/","title":{"rendered":"O nas"},"content":{"rendered":"<h3 id=\"kwadrant-stylu-porady-i-wskazowki-dotyczace-mody-higieny-osobistej-i-urody-dla-mezczyzn-i-kobiet\"><b><span>Kwadrant stylu: Porady i wskaz\u00f3wki dotycz\u0105ce mody, higieny osobistej i urody dla m\u0119\u017cczyzn i kobiet.<\/span><\/b><\/h3>\n<p><a href=\"https:\/\/translate.google.com\/website?sl=en&amp;tl=pl&amp;hl=en&amp;client=webapp&amp;u=https:\/\/stylequadrant.com\/\" rel=\"\"><span>Style Quadrant<\/span><\/a><span>\u00a0wierzy, \u017ce ka\u017cdy m\u0119\u017cczyzna i ka\u017cda kobieta zas\u0142uguj\u0105 na to, by wygl\u0105da\u0107 pi\u0119knie, komfortowo i pewnie, niezale\u017cnie od wieku, wagi i kszta\u0142tu.\u00a0Opowiadamy si\u0119 za noszeniem modnych stroj\u00f3w i nie ma si\u0119 czego obawia\u0107, aby pokaza\u0107 \u015bwiatu sw\u00f3j styl.\u00a0Wszystko, co mo\u017ce sprawi\u0107, \u017ce b\u0119dziesz atrakcyjny, inteligentny, pewny siebie i wygl\u0105daj\u0105cy idealnie, jest tym, o co nam chodzi.<\/span><\/p>\n<p><a href=\"https:\/\/translate.google.com\/website?sl=en&amp;tl=pl&amp;hl=en&amp;client=webapp&amp;u=https:\/\/stylequadrant.com\/\" rel=\"\"><img loading=\"lazy\" decoding=\"async\" class=\"aligncenter wp-image-352\" title=\"Kwadrant styl\u00f3w \u2014 porady i poradniki dotycz\u0105ce mody, higieny osobistej i urody dla kobiet i m\u0119\u017cczyzn.\" src=\"https:\/\/stylequadrant.com\/wp-content\/uploads\/2022\/03\/Style-QuadrantFAVICON.png\" sizes=\"auto, (max-width: 200px) 100vw, 200px\" srcset=\"https:\/\/translate.google.com\/website?sl=en&amp;tl=pl&amp;hl=en&amp;client=webapp&amp;u=https:\/\/stylequadrant.com\/wp-content\/uploads\/2022\/03\/Style-QuadrantFAVICON.png 512w,https:\/\/translate.google.com\/website?sl=en&amp;tl=pl&amp;hl=en&amp;client=webapp&amp;u=https:\/\/stylequadrant.com\/wp-content\/uploads\/2022\/03\/Style-QuadrantFAVICON-60x60.png 60w,https:\/\/translate.google.com\/website?sl=en&amp;tl=pl&amp;hl=en&amp;client=webapp&amp;u=https:\/\/stylequadrant.com\/wp-content\/uploads\/2022\/03\/Style-QuadrantFAVICON-80x80.png 80w,https:\/\/translate.google.com\/website?sl=en&amp;tl=pl&amp;hl=en&amp;client=webapp&amp;u=https:\/\/stylequadrant.com\/wp-content\/uploads\/2022\/03\/Style-QuadrantFAVICON-120x120.png 120w,https:\/\/translate.google.com\/website?sl=en&amp;tl=pl&amp;hl=en&amp;client=webapp&amp;u=https:\/\/stylequadrant.com\/wp-content\/uploads\/2022\/03\/Style-QuadrantFAVICON-90x90.png 90w,https:\/\/translate.google.com\/website?sl=en&amp;tl=pl&amp;hl=en&amp;client=webapp&amp;u=https:\/\/stylequadrant.com\/wp-content\/uploads\/2022\/03\/Style-QuadrantFAVICON-320x320.png 320w\" alt=\"Kwadrant styl\u00f3w \u2014 porady i poradniki dotycz\u0105ce mody, higieny osobistej i urody dla kobiet i m\u0119\u017cczyzn.\" width=\"200\" height=\"200\" \/><\/a><\/p>\n<p><span><span class=\"goog-text-highlight\">Tutaj na\u00a0<\/span><\/span><a href=\"https:\/\/translate.google.com\/website?sl=en&amp;tl=pl&amp;hl=en&amp;client=webapp&amp;u=https:\/\/stylequadrant.com\/\" rel=\"\"><i><span><span class=\"goog-text-highlight\">StyleQuadrant.com<\/span><\/span><\/i><\/a><span><span class=\"goog-text-highlight\">\u00a0om\u00f3wimy wszystko, od trend\u00f3w w modzie, takich jak wskaz\u00f3wki, przewodnik, styl \u017cycia, uroda i dobre samopoczucie, kt\u00f3re mog\u0105 pom\u00f3c Ci rozwi\u0105za\u0107 problemy zwi\u0105zane ze stylem i urod\u0105.\u00a0<\/span>B\u0119dziemy publikowa\u0107 artyku\u0142y o tym, jak si\u0119 ubra\u0107, gdzie kupowa\u0107 najlepsze okazje, jak stylizowa\u0107 i by\u0107 na bie\u017c\u0105co z mod\u0105 i wiele wi\u0119cej\u2026<\/span><\/p>\n<p><a href=\"https:\/\/translate.google.com\/website?sl=en&amp;tl=pl&amp;hl=en&amp;client=webapp&amp;u=https:\/\/stylequadrant.com\/\" rel=\"\"><strong><span>Style Quadrant<\/span><\/strong><\/a><span>\u00a0zosta\u0142 opracowany z my\u015bl\u0105 o poprowadzeniu os\u00f3b zainteresowanych nowymi trendami w modzie, w zakresie<\/span><em><strong><span>\u00a0trend\u00f3w w modzie<\/span><\/strong><\/em><span>\u00a0w<\/span><em><strong><span>\u00a0odzie\u017cy<\/span><\/strong><\/em><span>\u00a0,<\/span><em><strong><span>\u00a0torebkach<\/span><\/strong><\/em><span>\u00a0,<\/span><em><strong><span>\u00a0butach<\/span><\/strong><\/em><span>\u00a0,<\/span><em><strong><span>\u00a0bi\u017cuterii<\/span><\/strong><\/em><span>\u00a0,<\/span><em><strong><span>\u00a0zegarkach<\/span><\/strong><\/em><span>\u00a0, a tak\u017ce poradach dotycz\u0105cych zdrowej i pi\u0119knej sk\u00f3ry.\u00a0Zacznij przegl\u0105da\u0107 nasz\u0105 stron\u0119 ju\u017c dzi\u015b, aby dowiedzie\u0107 si\u0119 wi\u0119cej o tym, jak ulepszy\u0107 sw\u00f3j styl w modzie, jak nigdy dot\u0105d!<\/span><\/p>\n","protected":false},"excerpt":{"rendered":"<p>Kwadrant stylu: Porady i wskaz\u00f3wki dotycz\u0105ce mody, higieny osobistej i urody dla m\u0119\u017cczyzn i kobiet. Style Quadrant\u00a0wierzy, \u017ce ka\u017cdy m\u0119\u017cczyzna i ka\u017cda kobieta zas\u0142uguj\u0105 na to, by wygl\u0105da\u0107 pi\u0119knie, komfortowo&hellip;<\/p>\n","protected":false},"author":1,"featured_media":0,"parent":0,"menu_order":0,"comment_status":"closed","ping_status":"closed","template":"","meta":{"footnotes":""},"class_list":["post-21","page","type-page","status-publish"],"_links":{"self":[{"href":"https:\/\/it.stylequadrant.com\/pl\/wp-json\/wp\/v2\/pages\/21","targetHints":{"allow":["GET"]}}],"collection":[{"href":"https:\/\/it.stylequadrant.com\/pl\/wp-json\/wp\/v2\/pages"}],"about":[{"href":"https:\/\/it.stylequadrant.com\/pl\/wp-json\/wp\/v2\/types\/page"}],"author":[{"embeddable":true,"href":"https:\/\/it.stylequadrant.com\/pl\/wp-json\/wp\/v2\/users\/1"}],"replies":[{"embeddable":true,"href":"https:\/\/it.stylequadrant.com\/pl\/wp-json\/wp\/v2\/comments?post=21"}],"version-history":[{"count":1,"href":"https:\/\/it.stylequadrant.com\/pl\/wp-json\/wp\/v2\/pages\/21\/revisions"}],"predecessor-version":[{"id":489,"href":"https:\/\/it.stylequadrant.com\/pl\/wp-json\/wp\/v2\/pages\/21\/revisions\/489"}],"wp:attachment":[{"href":"https:\/\/it.stylequadrant.com\/pl\/wp-json\/wp\/v2\/media?parent=21"}],"curies":[{"name":"wp","href":"https:\/\/api.w.org\/{rel}","templated":true}]}}