{"id":322,"date":"2022-02-24T17:43:00","date_gmt":"2022-02-24T17:43:00","guid":{"rendered":"https:\/\/stylequadrant.com\/fr\/?page_id=322"},"modified":"2024-03-18T09:12:56","modified_gmt":"2024-03-18T09:12:56","slug":"website-usage-policy","status":"publish","type":"page","link":"https:\/\/it.stylequadrant.com\/fr\/website-usage-policy\/","title":{"rendered":"Politique d&#8217;utilisation du site Web"},"content":{"rendered":"<p><strong>CETTE PAGE D\u00c9CRIT NOTRE\u00a0<u>POLITIQUE D\u2019UTILISATION DU SITE WEB<\/u>\u00a0.\u00a0VEUILLEZ LES LIRE ATTENTIVEMENT AVANT D\u2019UTILISER CE SITE.<\/strong><\/p>\n<p>En utilisant \u00ab <strong>Stylequadrant.com\u00a0\u00bb<\/strong>\u00a0\u00a0(ci-apr\u00e8s d\u00e9nomm\u00e9 le \u00ab Site \u00bb, \u00ab Site Web \u00bb), vous consentez aux politiques \u00e9num\u00e9r\u00e9es sur cette page.\u00a0Notre politique de confidentialit\u00e9, ainsi que nos conditions d\u2019utilisation, d\u00e9crivent les facteurs susceptibles d\u2019affecter notre contenu \u00e9ditorial, les informations personnelles que nous collectons via notre site, la mani\u00e8re dont nous collectons ces informations et les parties, le cas \u00e9ch\u00e9ant, qui y auront acc\u00e8s.<\/p>\n<p><span class=\"goog-text-highlight\">En utilisant le Site, qui est d\u00e9tenu et exploit\u00e9 par Hat SRL (\u201cSoci\u00e9t\u00e9\u201d, \u201cnous\u201d, \u201cnous\u201d ou \u201cnotre\u201d), vous acceptez explicitement, sans limitation ni qualification, nos pratiques concernant la collecte, l\u2019utilisation et le partage des informations personnelles fournies par vous de la mani\u00e8re d\u00e9crite sur cette page de politique.\u00a0<\/span>Si vous n\u2019\u00eates pas d\u2019accord avec les termes de cette page de politique, veuillez ne pas acc\u00e9der, parcourir ou utiliser ce site.<\/p>\n<p>Nous vous encourageons \u00e0 consulter cette page chaque fois que vous utilisez ou acc\u00e9dez au site pour rester inform\u00e9.<\/p>\n<p><strong>COORDONN\u00c9ES<\/strong><br \/>\nNom complet de la personne morale : <strong>Hat SRL<\/strong><\/p>\n<p>Hat SRL<br \/>\nVia Sistina 12<br \/>\nRome Italy<\/p>\n<p>Adresse e-mail :\u00a0info@hatboard.com<\/p>\n","protected":false},"excerpt":{"rendered":"<p>CETTE PAGE D\u00c9CRIT NOTRE\u00a0POLITIQUE D\u2019UTILISATION DU SITE WEB\u00a0.\u00a0VEUILLEZ LES LIRE ATTENTIVEMENT AVANT D\u2019UTILISER CE SITE. En utilisant \u00ab Stylequadrant.com\u00a0\u00bb\u00a0\u00a0(ci-apr\u00e8s d\u00e9nomm\u00e9 le \u00ab Site \u00bb, \u00ab Site Web \u00bb), vous consentez&hellip;<\/p>\n","protected":false},"author":1,"featured_media":0,"parent":0,"menu_order":0,"comment_status":"closed","ping_status":"closed","template":"","meta":{"footnotes":""},"class_list":["post-322","page","type-page","status-publish"],"_links":{"self":[{"href":"https:\/\/it.stylequadrant.com\/fr\/wp-json\/wp\/v2\/pages\/322","targetHints":{"allow":["GET"]}}],"collection":[{"href":"https:\/\/it.stylequadrant.com\/fr\/wp-json\/wp\/v2\/pages"}],"about":[{"href":"https:\/\/it.stylequadrant.com\/fr\/wp-json\/wp\/v2\/types\/page"}],"author":[{"embeddable":true,"href":"https:\/\/it.stylequadrant.com\/fr\/wp-json\/wp\/v2\/users\/1"}],"replies":[{"embeddable":true,"href":"https:\/\/it.stylequadrant.com\/fr\/wp-json\/wp\/v2\/comments?post=322"}],"version-history":[{"count":4,"href":"https:\/\/it.stylequadrant.com\/fr\/wp-json\/wp\/v2\/pages\/322\/revisions"}],"predecessor-version":[{"id":480,"href":"https:\/\/it.stylequadrant.com\/fr\/wp-json\/wp\/v2\/pages\/322\/revisions\/480"}],"wp:attachment":[{"href":"https:\/\/it.stylequadrant.com\/fr\/wp-json\/wp\/v2\/media?parent=322"}],"curies":[{"name":"wp","href":"https:\/\/api.w.org\/{rel}","templated":true}]}}