{"id":21,"date":"2022-02-02T11:03:46","date_gmt":"2022-02-02T11:03:46","guid":{"rendered":"https:\/\/stylequadrant.com\/?page_id=21"},"modified":"2022-03-22T06:46:16","modified_gmt":"2022-03-22T06:46:16","slug":"about-us","status":"publish","type":"page","link":"https:\/\/it.stylequadrant.com\/fr\/about-us\/","title":{"rendered":"\u00c0 Propos de Nous"},"content":{"rendered":"<h3 style=\"text-align: center;\">Style Quadrant &#8211; Conseils et guides de mode, de soins personnels et de beaut\u00e9 pour hommes et femmes.<\/h3>\n<p><a href=\"https:\/\/stylequadrant.com\/\"><strong>Style Quadrant<\/strong><\/a> estime que chaque homme et chaque femme m\u00e9ritent d&#8217;\u00eatre beaux, confortables et confiants, quels que soient leur \u00e2ge, leur poids et leur forme. Nous pr\u00e9conisons de porter des tenues \u00e0 la mode et il n&#8217;y a rien \u00e0 craindre pour montrer votre style au monde. Tout ce qui peut vous rendre attrayant, intelligent, confiant et avoir l&#8217;air parfait, c&#8217;est ce que nous sommes.<\/p>\n<p><a href=\"https:\/\/stylequadrant.com\/\"><img loading=\"lazy\" decoding=\"async\" class=\"aligncenter wp-image-401\" title=\"Style Quadrant - Conseils et guides de mode, de soins personnels et de beaut\u00e9 pour hommes et femmes.\" src=\"https:\/\/stylequadrant.com\/fr\/wp-content\/uploads\/2022\/03\/Style-QuadrantFAVICON.png\" alt=\"Style Quadrant - Conseils et guides de mode, de soins personnels et de beaut\u00e9 pour hommes et femmes.\" width=\"200\" height=\"200\" srcset=\"https:\/\/it.stylequadrant.com\/fr\/wp-content\/uploads\/2022\/03\/Style-QuadrantFAVICON.png 512w, https:\/\/it.stylequadrant.com\/fr\/wp-content\/uploads\/2022\/03\/Style-QuadrantFAVICON-60x60.png 60w, https:\/\/it.stylequadrant.com\/fr\/wp-content\/uploads\/2022\/03\/Style-QuadrantFAVICON-80x80.png 80w, https:\/\/it.stylequadrant.com\/fr\/wp-content\/uploads\/2022\/03\/Style-QuadrantFAVICON-120x120.png 120w, https:\/\/it.stylequadrant.com\/fr\/wp-content\/uploads\/2022\/03\/Style-QuadrantFAVICON-90x90.png 90w, https:\/\/it.stylequadrant.com\/fr\/wp-content\/uploads\/2022\/03\/Style-QuadrantFAVICON-320x320.png 320w\" sizes=\"auto, (max-width: 200px) 100vw, 200px\" \/><\/a><\/p>\n<p>Ici, sur <a href=\"https:\/\/stylequadrant.com\/\"><em>StyleQuadrant.com<\/em><\/a>, nous couvrirons tout, des tendances de la mode comme les conseils, le guide, le style de vie, la beaut\u00e9 et le bien-\u00eatre qui peuvent vous aider \u00e0 r\u00e9soudre vos probl\u00e8mes de style et de beaut\u00e9. Nous publierons des articles sur la fa\u00e7on dont vous devriez vous habiller, o\u00f9 acheter les meilleures offres, comment vous habiller et \u00eatre \u00e0 jour avec la mode et bien plus encore&#8230;<\/p>\n<p><a href=\"https:\/\/stylequadrant.com\/\"><strong>Style Quadrant<\/strong><\/a> a \u00e9t\u00e9 conceptualis\u00e9 dans le but de guider les personnes int\u00e9ress\u00e9es par les nouvelles tendances de la mode, concernant les <em><strong>tendances de la mode dans<\/strong> <strong>les v\u00eatements<\/strong><\/em>, <em><strong>les sacs \u00e0 main<\/strong><\/em>, <em><strong>les chaussures<\/strong><\/em>, <em><strong>les bijoux<\/strong><\/em>, <em><strong>les montres<\/strong><\/em>, <em><strong>ainsi que des conseils pour une peau saine et belle<\/strong><\/em>. Commencez \u00e0 parcourir notre site Web d\u00e8s aujourd&#8217;hui pour en savoir plus sur la fa\u00e7on dont vous \u00e9levez votre style de mode comme jamais auparavant !<\/p>\n","protected":false},"excerpt":{"rendered":"<p>Style Quadrant &#8211; Conseils et guides de mode, de soins personnels et de beaut\u00e9 pour hommes et femmes. Style Quadrant estime que chaque homme et chaque femme m\u00e9ritent d&#8217;\u00eatre beaux,&hellip;<\/p>\n","protected":false},"author":1,"featured_media":0,"parent":0,"menu_order":0,"comment_status":"closed","ping_status":"closed","template":"","meta":{"footnotes":""},"class_list":["post-21","page","type-page","status-publish"],"_links":{"self":[{"href":"https:\/\/it.stylequadrant.com\/fr\/wp-json\/wp\/v2\/pages\/21","targetHints":{"allow":["GET"]}}],"collection":[{"href":"https:\/\/it.stylequadrant.com\/fr\/wp-json\/wp\/v2\/pages"}],"about":[{"href":"https:\/\/it.stylequadrant.com\/fr\/wp-json\/wp\/v2\/types\/page"}],"author":[{"embeddable":true,"href":"https:\/\/it.stylequadrant.com\/fr\/wp-json\/wp\/v2\/users\/1"}],"replies":[{"embeddable":true,"href":"https:\/\/it.stylequadrant.com\/fr\/wp-json\/wp\/v2\/comments?post=21"}],"version-history":[{"count":4,"href":"https:\/\/it.stylequadrant.com\/fr\/wp-json\/wp\/v2\/pages\/21\/revisions"}],"predecessor-version":[{"id":403,"href":"https:\/\/it.stylequadrant.com\/fr\/wp-json\/wp\/v2\/pages\/21\/revisions\/403"}],"wp:attachment":[{"href":"https:\/\/it.stylequadrant.com\/fr\/wp-json\/wp\/v2\/media?parent=21"}],"curies":[{"name":"wp","href":"https:\/\/api.w.org\/{rel}","templated":true}]}}