{"id":21,"date":"2022-02-02T11:03:46","date_gmt":"2022-02-02T11:03:46","guid":{"rendered":"https:\/\/stylequadrant.com\/?page_id=21"},"modified":"2022-03-22T07:00:01","modified_gmt":"2022-03-22T07:00:01","slug":"about-us","status":"publish","type":"page","link":"https:\/\/it.stylequadrant.com\/es\/about-us\/","title":{"rendered":"Sobre Nosotros"},"content":{"rendered":"<h3 id=\"style-quadrant-consejos-y-guias-de-moda-cuidado-personal-y-belleza-para-hombres-y-mujeres\" style=\"text-align: center;\">Style Quadrant: consejos y gu\u00edas de moda, cuidado personal y belleza para hombres y mujeres.<\/h3>\n<p><a href=\"https:\/\/stylequadrant.com\/\"><strong>Style Quadrant<\/strong><\/a> cree que todos los hombres y mujeres merecen lucir hermosos, c\u00f3modos y seguros, independientemente de su edad, peso y figura. Abogamos por usar atuendos a la moda y no hay nada que temer para mostrar tu estilo al mundo. Cualquier cosa que pueda hacerte atractivo, inteligente, seguro y con un aspecto perfecto es de lo que se trata.<\/p>\n<p><a href=\"https:\/\/stylequadrant.com\/\"><img loading=\"lazy\" decoding=\"async\" class=\"aligncenter wp-image-380\" title=\"Style Quadrant: consejos y gu\u00edas de moda, cuidado personal y belleza para hombres y mujeres.\" src=\"https:\/\/stylequadrant.com\/es\/wp-content\/uploads\/2022\/03\/Style-QuadrantFAVICON.png\" alt=\"Style Quadrant: consejos y gu\u00edas de moda, cuidado personal y belleza para hombres y mujeres.\" width=\"200\" height=\"200\" srcset=\"https:\/\/it.stylequadrant.com\/es\/wp-content\/uploads\/2022\/03\/Style-QuadrantFAVICON.png 512w, https:\/\/it.stylequadrant.com\/es\/wp-content\/uploads\/2022\/03\/Style-QuadrantFAVICON-60x60.png 60w, https:\/\/it.stylequadrant.com\/es\/wp-content\/uploads\/2022\/03\/Style-QuadrantFAVICON-80x80.png 80w, https:\/\/it.stylequadrant.com\/es\/wp-content\/uploads\/2022\/03\/Style-QuadrantFAVICON-120x120.png 120w, https:\/\/it.stylequadrant.com\/es\/wp-content\/uploads\/2022\/03\/Style-QuadrantFAVICON-90x90.png 90w, https:\/\/it.stylequadrant.com\/es\/wp-content\/uploads\/2022\/03\/Style-QuadrantFAVICON-320x320.png 320w\" sizes=\"auto, (max-width: 200px) 100vw, 200px\" \/><\/a><\/p>\n<p>Aqu\u00ed en <a href=\"https:\/\/stylequadrant.com\/\"><em>StyleQuadrant.com<\/em><\/a> cubriremos todo, desde tendencias de <em><strong>moda como consejos<\/strong><\/em>, <em><strong>gu\u00eda<\/strong><\/em>, <em><strong>estilo de vida<\/strong><\/em>, <em><strong>belleza<\/strong><\/em> y bienestar que pueden ayudarlo a resolver sus problemas de estilo y belleza. Publicaremos art\u00edculos sobre c\u00f3mo debes vestirte, d\u00f3nde comprar las mejores ofertas, c\u00f3mo peinarte y estar al d\u00eda con la moda y mucho m\u00e1s&#8230;<\/p>\n<p><a href=\"https:\/\/stylequadrant.com\/\"><strong>Style Quadrant<\/strong><\/a> fue conceptualizado con el objetivo de orientar a las personas interesadas en las nuevas tendencias de la Moda, en cuanto a las tendencias de la moda en ropa, bolsos, zapatos, joyas, relojes, y tambi\u00e9n consejos para una piel sana y hermosa. \u00a1Comienza a navegar por nuestro sitio web hoy para obtener m\u00e1s informaci\u00f3n sobre c\u00f3mo elevar tu estilo de moda como nunca antes!<\/p>\n","protected":false},"excerpt":{"rendered":"<p>Style Quadrant: consejos y gu\u00edas de moda, cuidado personal y belleza para hombres y mujeres. Style Quadrant cree que todos los hombres y mujeres merecen lucir hermosos, c\u00f3modos y seguros,&hellip;<\/p>\n","protected":false},"author":1,"featured_media":0,"parent":0,"menu_order":0,"comment_status":"closed","ping_status":"closed","template":"","meta":{"footnotes":""},"class_list":["post-21","page","type-page","status-publish"],"_links":{"self":[{"href":"https:\/\/it.stylequadrant.com\/es\/wp-json\/wp\/v2\/pages\/21","targetHints":{"allow":["GET"]}}],"collection":[{"href":"https:\/\/it.stylequadrant.com\/es\/wp-json\/wp\/v2\/pages"}],"about":[{"href":"https:\/\/it.stylequadrant.com\/es\/wp-json\/wp\/v2\/types\/page"}],"author":[{"embeddable":true,"href":"https:\/\/it.stylequadrant.com\/es\/wp-json\/wp\/v2\/users\/1"}],"replies":[{"embeddable":true,"href":"https:\/\/it.stylequadrant.com\/es\/wp-json\/wp\/v2\/comments?post=21"}],"version-history":[{"count":3,"href":"https:\/\/it.stylequadrant.com\/es\/wp-json\/wp\/v2\/pages\/21\/revisions"}],"predecessor-version":[{"id":382,"href":"https:\/\/it.stylequadrant.com\/es\/wp-json\/wp\/v2\/pages\/21\/revisions\/382"}],"wp:attachment":[{"href":"https:\/\/it.stylequadrant.com\/es\/wp-json\/wp\/v2\/media?parent=21"}],"curies":[{"name":"wp","href":"https:\/\/api.w.org\/{rel}","templated":true}]}}