{"id":21,"date":"2022-02-02T11:03:46","date_gmt":"2022-02-02T11:03:46","guid":{"rendered":"https:\/\/stylequadrant.com\/de\/uber-uns"},"modified":"2022-03-26T17:54:28","modified_gmt":"2022-03-26T17:54:28","slug":"uber-uns","status":"publish","type":"page","link":"https:\/\/it.stylequadrant.com\/de\/uber-uns\/","title":{"rendered":"\u00dcber uns"},"content":{"rendered":"<h3 id=\"stil-quadrant-tipps-und-anleitungen-zu-mode-korperpflege-und-schonheit-fur-manner-und-frauen\"><b><span>Stil-Quadrant: Tipps und Anleitungen zu Mode, K\u00f6rperpflege und Sch\u00f6nheit f\u00fcr M\u00e4nner und Frauen.<\/span><\/b><\/h3>\n<p><a href=\"https:\/\/stylequadrant.com\" rel=\"\"><span>Style Quadrant<\/span><\/a><span>\u00a0glaubt, dass jeder Mann und jede Frau es verdienen, sch\u00f6n, bequem und selbstbewusst auszusehen, unabh\u00e4ngig von Alter, Gewicht und Figur.\u00a0Wir empfehlen, modische Outfits zu tragen, und Sie m\u00fcssen keine Angst haben, der Welt Ihren Stil zu zeigen.\u00a0Alles, was Sie attraktiv, klug, selbstbewusst und perfekt aussehend machen kann, ist das, worum es uns geht.<\/span><\/p>\n<p><a href=\"https:\/\/stylequadrant-com.translate.goog\/?_x_tr_sl=en&amp;_x_tr_tl=de&amp;_x_tr_hl=en&amp;_x_tr_pto=wapp\" rel=\"\"><img loading=\"lazy\" decoding=\"async\" class=\"aligncenter wp-image-352\" title=\"Stil-Quadrant \u2013 Tipps und Anleitungen zu Mode, K\u00f6rperpflege und Sch\u00f6nheit f\u00fcr M\u00e4nner und Frauen.\" src=\"https:\/\/stylequadrant.com\/wp-content\/uploads\/2022\/03\/Style-QuadrantFAVICON.png\" sizes=\"auto, (max-width: 200px) 100vw, 200px\" srcset=\"https:\/\/stylequadrant-com.translate.goog\/wp-content\/uploads\/2022\/03\/Style-QuadrantFAVICON.png?_x_tr_sl=en&amp;_x_tr_tl=de&amp;_x_tr_hl=en&amp;_x_tr_pto=wapp 512w,https:\/\/stylequadrant-com.translate.goog\/wp-content\/uploads\/2022\/03\/Style-QuadrantFAVICON-60x60.png?_x_tr_sl=en&amp;_x_tr_tl=de&amp;_x_tr_hl=en&amp;_x_tr_pto=wapp 60w,https:\/\/stylequadrant-com.translate.goog\/wp-content\/uploads\/2022\/03\/Style-QuadrantFAVICON-80x80.png?_x_tr_sl=en&amp;_x_tr_tl=de&amp;_x_tr_hl=en&amp;_x_tr_pto=wapp 80w,https:\/\/stylequadrant-com.translate.goog\/wp-content\/uploads\/2022\/03\/Style-QuadrantFAVICON-120x120.png?_x_tr_sl=en&amp;_x_tr_tl=de&amp;_x_tr_hl=en&amp;_x_tr_pto=wapp 120w,https:\/\/stylequadrant-com.translate.goog\/wp-content\/uploads\/2022\/03\/Style-QuadrantFAVICON-90x90.png?_x_tr_sl=en&amp;_x_tr_tl=de&amp;_x_tr_hl=en&amp;_x_tr_pto=wapp 90w,https:\/\/stylequadrant-com.translate.goog\/wp-content\/uploads\/2022\/03\/Style-QuadrantFAVICON-320x320.png?_x_tr_sl=en&amp;_x_tr_tl=de&amp;_x_tr_hl=en&amp;_x_tr_pto=wapp 320w\" alt=\"Stil-Quadrant \u2013 Tipps und Anleitungen zu Mode, K\u00f6rperpflege und Sch\u00f6nheit f\u00fcr M\u00e4nner und Frauen.\" width=\"200\" height=\"200\" \/><\/a><\/p>\n<p><span>Hier bei\u00a0<\/span><a href=\"https:\/\/stylequadrant.com\" rel=\"\"><i><span>StyleQuadrant.com<\/span><\/i><\/a><span>\u00a0decken wir alles ab, von Modetrends wie Tipps, Anleitungen, Lifestyle, Sch\u00f6nheit und Wellness, die Ihnen helfen k\u00f6nnen, Ihre Stil- und Sch\u00f6nheitsprobleme zu l\u00f6sen.\u00a0Wir werden Artikel dar\u00fcber ver\u00f6ffentlichen, wie Sie sich kleiden sollten, wo Sie die besten Angebote kaufen, wie Sie sich stylen und mit der Mode auf dem Laufenden bleiben und vieles mehr\u2026<\/span><\/p>\n<p><a href=\"https:\/\/stylequadrant.com\" rel=\"\"><strong><span>Style Quadrant<\/span><\/strong><\/a><span>\u00a0wurde mit dem Ziel konzipiert, Menschen, die sich f\u00fcr die neuen Modetrends interessieren, in Bezug auf<\/span><em><strong><span>\u00a0Modetrends<\/span><\/strong><\/em><span>\u00a0in<\/span><em><strong><span>\u00a0Kleidung<\/span><\/strong><\/em><span>\u00a0,<\/span><em><strong><span>\u00a0Handtaschen<\/span><\/strong><\/em><span>\u00a0,<\/span><em><strong><span>\u00a0Schuhen<\/span><\/strong><\/em><span>\u00a0,<\/span><em><strong><span>\u00a0Schmuck<\/span><\/strong><\/em><span>\u00a0,<\/span><em><strong><span>\u00a0Uhren<\/span><\/strong><\/em><span>\u00a0und auch Ratschl\u00e4gen f\u00fcr eine gesunde und sch\u00f6ne Haut zu f\u00fchren.\u00a0Beginnen Sie noch heute mit dem Surfen auf unserer Website, um mehr dar\u00fcber zu erfahren, wie Sie Ihren Modestil aufwerten wie nie zuvor!<\/span><\/p>\n","protected":false},"excerpt":{"rendered":"<p>Stil-Quadrant: Tipps und Anleitungen zu Mode, K\u00f6rperpflege und Sch\u00f6nheit f\u00fcr M\u00e4nner und Frauen. Style Quadrant\u00a0glaubt, dass jeder Mann und jede Frau es verdienen, sch\u00f6n, bequem und selbstbewusst auszusehen, unabh\u00e4ngig von&hellip;<\/p>\n","protected":false},"author":1,"featured_media":0,"parent":0,"menu_order":0,"comment_status":"closed","ping_status":"closed","template":"","meta":{"footnotes":""},"class_list":["post-21","page","type-page","status-publish"],"_links":{"self":[{"href":"https:\/\/it.stylequadrant.com\/de\/wp-json\/wp\/v2\/pages\/21","targetHints":{"allow":["GET"]}}],"collection":[{"href":"https:\/\/it.stylequadrant.com\/de\/wp-json\/wp\/v2\/pages"}],"about":[{"href":"https:\/\/it.stylequadrant.com\/de\/wp-json\/wp\/v2\/types\/page"}],"author":[{"embeddable":true,"href":"https:\/\/it.stylequadrant.com\/de\/wp-json\/wp\/v2\/users\/1"}],"replies":[{"embeddable":true,"href":"https:\/\/it.stylequadrant.com\/de\/wp-json\/wp\/v2\/comments?post=21"}],"version-history":[{"count":2,"href":"https:\/\/it.stylequadrant.com\/de\/wp-json\/wp\/v2\/pages\/21\/revisions"}],"predecessor-version":[{"id":404,"href":"https:\/\/it.stylequadrant.com\/de\/wp-json\/wp\/v2\/pages\/21\/revisions\/404"}],"wp:attachment":[{"href":"https:\/\/it.stylequadrant.com\/de\/wp-json\/wp\/v2\/media?parent=21"}],"curies":[{"name":"wp","href":"https:\/\/api.w.org\/{rel}","templated":true}]}}