{"id":21,"date":"2022-02-02T11:03:46","date_gmt":"2022-02-02T11:03:46","guid":{"rendered":"https:\/\/stylequadrant.com\/?page_id=21"},"modified":"2022-03-22T06:42:29","modified_gmt":"2022-03-22T06:42:29","slug":"about-us","status":"publish","type":"page","link":"https:\/\/it.stylequadrant.com\/br\/about-us\/","title":{"rendered":"Sobre N\u00f3s"},"content":{"rendered":"<h3 id=\"style-quadrant-dicas-e-guias-de-moda-cuidados-pessoais-e-beleza-para-homens-e-mulheres\" style=\"text-align: center;\">Style Quadrant &#8211; Dicas e Guias de Moda, Cuidados Pessoais e Beleza para Homens e Mulheres.<\/h3>\n<p>A <a href=\"https:\/\/stylequadrant.com\/\"><strong>Style Quadrant<\/strong><\/a> acredita que todo homem e mulher merecem estar bonitos, confort\u00e1veis \u200b\u200be confiantes, independentemente de sua idade, peso e forma. Defendemos o uso de roupas da moda e n\u00e3o h\u00e1 nada a ter medo de mostrar seu estilo ao mundo. Qualquer coisa que possa torn\u00e1-lo atraente, inteligente, confiante e perfeito \u00e9 o que somos.<\/p>\n<p><a href=\"https:\/\/stylequadrant.com\/\"><img loading=\"lazy\" decoding=\"async\" class=\"aligncenter wp-image-554\" title=\"Style Quadrant - Dicas e Guias de Moda, Cuidados Pessoais e Beleza para Homens e Mulheres.\" src=\"https:\/\/stylequadrant.com\/br\/wp-content\/uploads\/2022\/03\/Style-QuadrantFAVICON.png\" alt=\"Style Quadrant - Dicas e Guias de Moda, Cuidados Pessoais e Beleza para Homens e Mulheres.\" width=\"200\" height=\"200\" srcset=\"https:\/\/it.stylequadrant.com\/br\/wp-content\/uploads\/2022\/03\/Style-QuadrantFAVICON.png 512w, https:\/\/it.stylequadrant.com\/br\/wp-content\/uploads\/2022\/03\/Style-QuadrantFAVICON-60x60.png 60w, https:\/\/it.stylequadrant.com\/br\/wp-content\/uploads\/2022\/03\/Style-QuadrantFAVICON-80x80.png 80w, https:\/\/it.stylequadrant.com\/br\/wp-content\/uploads\/2022\/03\/Style-QuadrantFAVICON-120x120.png 120w, https:\/\/it.stylequadrant.com\/br\/wp-content\/uploads\/2022\/03\/Style-QuadrantFAVICON-90x90.png 90w, https:\/\/it.stylequadrant.com\/br\/wp-content\/uploads\/2022\/03\/Style-QuadrantFAVICON-320x320.png 320w\" sizes=\"auto, (max-width: 200px) 100vw, 200px\" \/><\/a><\/p>\n<p>Aqui no <a href=\"https:\/\/stylequadrant.com\/\"><em>StyleQuadrant.com<\/em><\/a> vamos cobrir tudo, desde tend\u00eancias de moda como dicas, guia, estilo de vida, beleza e bem-estar que podem ajud\u00e1-lo a resolver seus problemas de estilo e beleza. Publicaremos artigos sobre como voc\u00ea deve se vestir, onde comprar as melhores ofertas, como se vestir e estar em dia com a moda e muito mais&#8230;<\/p>\n<p>O <a href=\"https:\/\/stylequadrant.com\/\"><strong>Style Quadrant<\/strong><\/a> foi idealizado com o objetivo de orientar as pessoas interessadas nas novas tend\u00eancias da Moda, no que diz respeito \u00e0s tend\u00eancias da <em><strong>moda em roupas<\/strong><\/em>, <em><strong>bolsas<\/strong><\/em>, <em><strong>sapatos<\/strong><\/em>, <em><strong>joias<\/strong><\/em>, <em>rel\u00f3gios<\/em>, e <em><strong>tamb\u00e9m conselhos para uma pele saud\u00e1vel e bonita<\/strong><\/em>. Comece a navegar em nosso site hoje para saber mais sobre como voc\u00ea eleva seu estilo de moda como nunca antes!<\/p>\n","protected":false},"excerpt":{"rendered":"<p>Style Quadrant &#8211; Dicas e Guias de Moda, Cuidados Pessoais e Beleza para Homens e Mulheres. A Style Quadrant acredita que todo homem e mulher merecem estar bonitos, confort\u00e1veis \u200b\u200be&hellip;<\/p>\n","protected":false},"author":1,"featured_media":0,"parent":0,"menu_order":0,"comment_status":"closed","ping_status":"closed","template":"","meta":{"footnotes":""},"class_list":["post-21","page","type-page","status-publish"],"_links":{"self":[{"href":"https:\/\/it.stylequadrant.com\/br\/wp-json\/wp\/v2\/pages\/21","targetHints":{"allow":["GET"]}}],"collection":[{"href":"https:\/\/it.stylequadrant.com\/br\/wp-json\/wp\/v2\/pages"}],"about":[{"href":"https:\/\/it.stylequadrant.com\/br\/wp-json\/wp\/v2\/types\/page"}],"author":[{"embeddable":true,"href":"https:\/\/it.stylequadrant.com\/br\/wp-json\/wp\/v2\/users\/1"}],"replies":[{"embeddable":true,"href":"https:\/\/it.stylequadrant.com\/br\/wp-json\/wp\/v2\/comments?post=21"}],"version-history":[{"count":4,"href":"https:\/\/it.stylequadrant.com\/br\/wp-json\/wp\/v2\/pages\/21\/revisions"}],"predecessor-version":[{"id":558,"href":"https:\/\/it.stylequadrant.com\/br\/wp-json\/wp\/v2\/pages\/21\/revisions\/558"}],"wp:attachment":[{"href":"https:\/\/it.stylequadrant.com\/br\/wp-json\/wp\/v2\/media?parent=21"}],"curies":[{"name":"wp","href":"https:\/\/api.w.org\/{rel}","templated":true}]}}